{"id":459,"date":"2021-08-18T10:09:28","date_gmt":"2021-08-18T08:09:28","guid":{"rendered":"https:\/\/rollout2000.com\/produkt\/wire-insertion-tool-extension\/"},"modified":"2025-03-28T12:17:50","modified_gmt":"2025-03-28T10:17:50","slug":"wire-insertion-tool-extension","status":"publish","type":"product","link":"https:\/\/rollout2000.com\/en\/produkt\/wire-insertion-tool-extension\/","title":{"rendered":"Wire insertion tool extension"},"content":{"rendered":"<p>Extension for the wire insertion tool, good to use with deep dashboards.<\/p>\n","protected":false},"excerpt":{"rendered":"<p>Extension for the wire insertion tool, good to use with deep dashboards.<\/p>\n","protected":false},"featured_media":127,"comment_status":"closed","ping_status":"closed","template":"","meta":[],"product_brand":[],"product_cat":[32],"product_tag":[],"class_list":{"0":"post-459","1":"product","2":"type-product","3":"status-publish","4":"has-post-thumbnail","6":"product_cat-tools-and-accessories","8":"first","9":"instock","10":"taxable","11":"shipping-taxable","12":"purchasable","13":"product-type-simple"},"yoast_head":"<!-- This site is optimized with the Yoast SEO plugin v27.4 - https:\/\/yoast.com\/product\/yoast-seo-wordpress\/ -->\n<title>Wire insertion tool extension - Roll Out 2000<\/title>\n<meta name=\"description\" content=\"Wire insertion tool extension. Extension for the wire insertion tool, good to use with those deep dashboards.\" \/>\n<meta name=\"robots\" content=\"index, follow, max-snippet:-1, max-image-preview:large, max-video-preview:-1\" \/>\n<link rel=\"canonical\" href=\"https:\/\/rollout2000.com\/en\/produkt\/wire-insertion-tool-extension\/\" \/>\n<meta property=\"og:locale\" content=\"en_US\" \/>\n<meta property=\"og:type\" content=\"article\" \/>\n<meta property=\"og:title\" content=\"Wire insertion tool extension - Roll Out 2000\" \/>\n<meta property=\"og:description\" content=\"Wire insertion tool extension. Extension for the wire insertion tool, good to use with those deep dashboards.\" \/>\n<meta property=\"og:url\" content=\"https:\/\/rollout2000.com\/en\/produkt\/wire-insertion-tool-extension\/\" \/>\n<meta property=\"og:site_name\" content=\"Roll Out 2000\" \/>\n<meta property=\"article:modified_time\" content=\"2025-03-28T10:17:50+00:00\" \/>\n<meta property=\"og:image\" content=\"https:\/\/rollout2000.com\/wp-content\/uploads\/2021\/07\/3022-2120-EXT.jpg\" \/>\n\t<meta property=\"og:image:width\" content=\"800\" \/>\n\t<meta property=\"og:image:height\" content=\"531\" \/>\n\t<meta property=\"og:image:type\" content=\"image\/jpeg\" \/>\n<meta name=\"twitter:card\" content=\"summary_large_image\" \/>\n<script type=\"application\/ld+json\" class=\"yoast-schema-graph\">{\"@context\":\"https:\\\/\\\/schema.org\",\"@graph\":[{\"@type\":\"WebPage\",\"@id\":\"https:\\\/\\\/rollout2000.com\\\/en\\\/produkt\\\/wire-insertion-tool-extension\\\/\",\"url\":\"https:\\\/\\\/rollout2000.com\\\/en\\\/produkt\\\/wire-insertion-tool-extension\\\/\",\"name\":\"Wire insertion tool extension - Roll Out 2000\",\"isPartOf\":{\"@id\":\"https:\\\/\\\/rollout2000.com\\\/en\\\/#website\"},\"primaryImageOfPage\":{\"@id\":\"https:\\\/\\\/rollout2000.com\\\/en\\\/produkt\\\/wire-insertion-tool-extension\\\/#primaryimage\"},\"image\":{\"@id\":\"https:\\\/\\\/rollout2000.com\\\/en\\\/produkt\\\/wire-insertion-tool-extension\\\/#primaryimage\"},\"thumbnailUrl\":\"https:\\\/\\\/rollout2000.com\\\/wp-content\\\/uploads\\\/2021\\\/07\\\/3022-2120-EXT.jpg\",\"datePublished\":\"2021-08-18T08:09:28+00:00\",\"dateModified\":\"2025-03-28T10:17:50+00:00\",\"description\":\"Wire insertion tool extension. Extension for the wire insertion tool, good to use with those deep dashboards.\",\"breadcrumb\":{\"@id\":\"https:\\\/\\\/rollout2000.com\\\/en\\\/produkt\\\/wire-insertion-tool-extension\\\/#breadcrumb\"},\"inLanguage\":\"en-US\",\"potentialAction\":[{\"@type\":\"ReadAction\",\"target\":[\"https:\\\/\\\/rollout2000.com\\\/en\\\/produkt\\\/wire-insertion-tool-extension\\\/\"]}]},{\"@type\":\"ImageObject\",\"inLanguage\":\"en-US\",\"@id\":\"https:\\\/\\\/rollout2000.com\\\/en\\\/produkt\\\/wire-insertion-tool-extension\\\/#primaryimage\",\"url\":\"https:\\\/\\\/rollout2000.com\\\/wp-content\\\/uploads\\\/2021\\\/07\\\/3022-2120-EXT.jpg\",\"contentUrl\":\"https:\\\/\\\/rollout2000.com\\\/wp-content\\\/uploads\\\/2021\\\/07\\\/3022-2120-EXT.jpg\",\"width\":800,\"height\":531,\"caption\":\"F\u00f6rl\u00e4ngare f\u00f6r tr\u00e5dindragare.\"},{\"@type\":\"BreadcrumbList\",\"@id\":\"https:\\\/\\\/rollout2000.com\\\/en\\\/produkt\\\/wire-insertion-tool-extension\\\/#breadcrumb\",\"itemListElement\":[{\"@type\":\"ListItem\",\"position\":1,\"name\":\"Home\",\"item\":\"https:\\\/\\\/rollout2000.com\\\/en\\\/\"},{\"@type\":\"ListItem\",\"position\":2,\"name\":\"Shop\",\"item\":\"https:\\\/\\\/rollout2000.com\\\/en\\\/shop\\\/\"},{\"@type\":\"ListItem\",\"position\":3,\"name\":\"Wire insertion tool extension\"}]},{\"@type\":\"WebSite\",\"@id\":\"https:\\\/\\\/rollout2000.com\\\/en\\\/#website\",\"url\":\"https:\\\/\\\/rollout2000.com\\\/en\\\/\",\"name\":\"Roll Out 2000\",\"description\":\"#1 in autoglass removal\",\"potentialAction\":[{\"@type\":\"SearchAction\",\"target\":{\"@type\":\"EntryPoint\",\"urlTemplate\":\"https:\\\/\\\/rollout2000.com\\\/en\\\/?s={search_term_string}\"},\"query-input\":{\"@type\":\"PropertyValueSpecification\",\"valueRequired\":true,\"valueName\":\"search_term_string\"}}],\"inLanguage\":\"en-US\"}]}<\/script>\n<!-- \/ Yoast SEO plugin. -->","yoast_head_json":{"title":"Wire insertion tool extension - Roll Out 2000","description":"Wire insertion tool extension. Extension for the wire insertion tool, good to use with those deep dashboards.","robots":{"index":"index","follow":"follow","max-snippet":"max-snippet:-1","max-image-preview":"max-image-preview:large","max-video-preview":"max-video-preview:-1"},"canonical":"https:\/\/rollout2000.com\/en\/produkt\/wire-insertion-tool-extension\/","og_locale":"en_US","og_type":"article","og_title":"Wire insertion tool extension - Roll Out 2000","og_description":"Wire insertion tool extension. Extension for the wire insertion tool, good to use with those deep dashboards.","og_url":"https:\/\/rollout2000.com\/en\/produkt\/wire-insertion-tool-extension\/","og_site_name":"Roll Out 2000","article_modified_time":"2025-03-28T10:17:50+00:00","og_image":[{"width":800,"height":531,"url":"https:\/\/rollout2000.com\/wp-content\/uploads\/2021\/07\/3022-2120-EXT.jpg","type":"image\/jpeg"}],"twitter_card":"summary_large_image","schema":{"@context":"https:\/\/schema.org","@graph":[{"@type":"WebPage","@id":"https:\/\/rollout2000.com\/en\/produkt\/wire-insertion-tool-extension\/","url":"https:\/\/rollout2000.com\/en\/produkt\/wire-insertion-tool-extension\/","name":"Wire insertion tool extension - Roll Out 2000","isPartOf":{"@id":"https:\/\/rollout2000.com\/en\/#website"},"primaryImageOfPage":{"@id":"https:\/\/rollout2000.com\/en\/produkt\/wire-insertion-tool-extension\/#primaryimage"},"image":{"@id":"https:\/\/rollout2000.com\/en\/produkt\/wire-insertion-tool-extension\/#primaryimage"},"thumbnailUrl":"https:\/\/rollout2000.com\/wp-content\/uploads\/2021\/07\/3022-2120-EXT.jpg","datePublished":"2021-08-18T08:09:28+00:00","dateModified":"2025-03-28T10:17:50+00:00","description":"Wire insertion tool extension. Extension for the wire insertion tool, good to use with those deep dashboards.","breadcrumb":{"@id":"https:\/\/rollout2000.com\/en\/produkt\/wire-insertion-tool-extension\/#breadcrumb"},"inLanguage":"en-US","potentialAction":[{"@type":"ReadAction","target":["https:\/\/rollout2000.com\/en\/produkt\/wire-insertion-tool-extension\/"]}]},{"@type":"ImageObject","inLanguage":"en-US","@id":"https:\/\/rollout2000.com\/en\/produkt\/wire-insertion-tool-extension\/#primaryimage","url":"https:\/\/rollout2000.com\/wp-content\/uploads\/2021\/07\/3022-2120-EXT.jpg","contentUrl":"https:\/\/rollout2000.com\/wp-content\/uploads\/2021\/07\/3022-2120-EXT.jpg","width":800,"height":531,"caption":"F\u00f6rl\u00e4ngare f\u00f6r tr\u00e5dindragare."},{"@type":"BreadcrumbList","@id":"https:\/\/rollout2000.com\/en\/produkt\/wire-insertion-tool-extension\/#breadcrumb","itemListElement":[{"@type":"ListItem","position":1,"name":"Home","item":"https:\/\/rollout2000.com\/en\/"},{"@type":"ListItem","position":2,"name":"Shop","item":"https:\/\/rollout2000.com\/en\/shop\/"},{"@type":"ListItem","position":3,"name":"Wire insertion tool extension"}]},{"@type":"WebSite","@id":"https:\/\/rollout2000.com\/en\/#website","url":"https:\/\/rollout2000.com\/en\/","name":"Roll Out 2000","description":"#1 in autoglass removal","potentialAction":[{"@type":"SearchAction","target":{"@type":"EntryPoint","urlTemplate":"https:\/\/rollout2000.com\/en\/?s={search_term_string}"},"query-input":{"@type":"PropertyValueSpecification","valueRequired":true,"valueName":"search_term_string"}}],"inLanguage":"en-US"}]}},"_links":{"self":[{"href":"https:\/\/rollout2000.com\/en\/wp-json\/wp\/v2\/product\/459","targetHints":{"allow":["GET"]}}],"collection":[{"href":"https:\/\/rollout2000.com\/en\/wp-json\/wp\/v2\/product"}],"about":[{"href":"https:\/\/rollout2000.com\/en\/wp-json\/wp\/v2\/types\/product"}],"replies":[{"embeddable":true,"href":"https:\/\/rollout2000.com\/en\/wp-json\/wp\/v2\/comments?post=459"}],"wp:featuredmedia":[{"embeddable":true,"href":"https:\/\/rollout2000.com\/en\/wp-json\/wp\/v2\/media\/127"}],"wp:attachment":[{"href":"https:\/\/rollout2000.com\/en\/wp-json\/wp\/v2\/media?parent=459"}],"wp:term":[{"taxonomy":"product_brand","embeddable":true,"href":"https:\/\/rollout2000.com\/en\/wp-json\/wp\/v2\/product_brand?post=459"},{"taxonomy":"product_cat","embeddable":true,"href":"https:\/\/rollout2000.com\/en\/wp-json\/wp\/v2\/product_cat?post=459"},{"taxonomy":"product_tag","embeddable":true,"href":"https:\/\/rollout2000.com\/en\/wp-json\/wp\/v2\/product_tag?post=459"}],"curies":[{"name":"wp","href":"https:\/\/api.w.org\/{rel}","templated":true}]}}